{"id":1954,"date":"2022-08-18T08:56:48","date_gmt":"2022-08-18T06:56:48","guid":{"rendered":"https:\/\/wdmsh.com\/?page_id=1954"},"modified":"2024-11-21T08:05:18","modified_gmt":"2024-11-21T07:05:18","slug":"our-asia-vps-on-1-page","status":"publish","type":"page","link":"https:\/\/www.wdmsh.com\/nl\/our-asia-vps-on-1-page\/","title":{"rendered":"Onze Azi\u00eb VPS op 1 pagina"},"content":{"rendered":"<h4><em><a href=\"https:\/\/www.wdmsh.com\/nl\/cloud-vps-israel-tel-aviv\/\">Isra\u00ebl Tel Aviv<\/a><\/em><a href=\"https:\/\/www.wdmsh.com\/nl\/cloud-vps-israel-tel-aviv\/\"><img decoding=\"async\" class=\"wp-image-1901 alignleft\" src=\"https:\/\/wdmsh.com\/wp-content\/uploads\/2022\/08\/israel.jpg\" alt=\"\" width=\"72\" height=\"55\" srcset=\"https:\/\/www.wdmsh.com\/wp-content\/uploads\/2022\/08\/israel.jpg 265w, https:\/\/www.wdmsh.com\/wp-content\/uploads\/2022\/08\/israel-16x12.jpg 16w\" sizes=\"(max-width: 72px) 100vw, 72px\" \/><\/a><\/h4>\n<p>&nbsp;<\/p>\n<h4><a href=\"https:\/\/www.wdmsh.com\/nl\/cloud-vps-servers-ho-chi-minh-vietnam\/\"><em>Ho Chi Minhstad, Vietnam<\/em><img decoding=\"async\" class=\"wp-image-1953 alignleft\" src=\"https:\/\/wdmsh.com\/wp-content\/uploads\/2022\/08\/Vietnam-300x180.jpg\" alt=\"\" width=\"73\" height=\"44\" srcset=\"https:\/\/www.wdmsh.com\/wp-content\/uploads\/2022\/08\/Vietnam-300x180.jpg 300w, https:\/\/www.wdmsh.com\/wp-content\/uploads\/2022\/08\/Vietnam-18x12.jpg 18w, https:\/\/www.wdmsh.com\/wp-content\/uploads\/2022\/08\/Vietnam-275x165.jpg 275w, https:\/\/www.wdmsh.com\/wp-content\/uploads\/2022\/08\/Vietnam.jpg 330w\" sizes=\"(max-width: 73px) 100vw, 73px\" \/><\/a><\/h4>\n<h4><\/h4>\n<h4><a href=\"https:\/\/www.wdmsh.com\/nl\/cloud-vps-servers-jeddah-saudi-arabia\/\"><img decoding=\"async\" class=\"wp-image-1943 alignleft\" src=\"https:\/\/wdmsh.com\/wp-content\/uploads\/2022\/08\/Saudi-Arabia-1-300x183.jpg\" alt=\"\" width=\"74\" height=\"45\" srcset=\"https:\/\/www.wdmsh.com\/wp-content\/uploads\/2022\/08\/Saudi-Arabia-1-300x183.jpg 300w, https:\/\/www.wdmsh.com\/wp-content\/uploads\/2022\/08\/Saudi-Arabia-1-18x12.jpg 18w, https:\/\/www.wdmsh.com\/wp-content\/uploads\/2022\/08\/Saudi-Arabia-1-275x168.jpg 275w, https:\/\/www.wdmsh.com\/wp-content\/uploads\/2022\/08\/Saudi-Arabia-1.jpg 324w\" sizes=\"(max-width: 74px) 100vw, 74px\" \/><em>Jeddah Saoedi-Arabi\u00eb<\/em><\/a><\/h4>\n<p>&nbsp;<\/p>\n<h4><a href=\"https:\/\/www.wdmsh.com\/nl\/kuala-lumpur-malaysia\/\"><img loading=\"lazy\" decoding=\"async\" class=\"wp-image-1939 alignleft\" src=\"https:\/\/wdmsh.com\/wp-content\/uploads\/2022\/08\/kuala-lumpur.jpg\" alt=\"\" width=\"74\" height=\"54\" srcset=\"https:\/\/www.wdmsh.com\/wp-content\/uploads\/2022\/08\/kuala-lumpur.jpg 273w, https:\/\/www.wdmsh.com\/wp-content\/uploads\/2022\/08\/kuala-lumpur-18x12.jpg 18w\" sizes=\"(max-width: 74px) 100vw, 74px\" \/><em>Kuala Lumpur Maleisi\u00eb<\/em><\/a><\/h4>\n<p>&nbsp;<\/p>\n<h4><a href=\"https:\/\/www.wdmsh.com\/nl\/cloudkazakhstan-almaty\/\"><img loading=\"lazy\" decoding=\"async\" class=\"wp-image-1894 alignleft\" src=\"https:\/\/wdmsh.com\/wp-content\/uploads\/2022\/08\/Kazakhstan-300x187.jpg\" alt=\"\" width=\"74\" height=\"46\" srcset=\"https:\/\/www.wdmsh.com\/wp-content\/uploads\/2022\/08\/Kazakhstan-300x187.jpg 300w, https:\/\/www.wdmsh.com\/wp-content\/uploads\/2022\/08\/Kazakhstan-18x12.jpg 18w, https:\/\/www.wdmsh.com\/wp-content\/uploads\/2022\/08\/Kazakhstan-275x172.jpg 275w, https:\/\/www.wdmsh.com\/wp-content\/uploads\/2022\/08\/Kazakhstan.jpg 317w\" sizes=\"(max-width: 74px) 100vw, 74px\" \/><em>Kazachstan Almaty<\/em><\/a><\/h4>\n<p>&nbsp;<\/p>\n<h3><a href=\"https:\/\/www.wdmsh.com\/nl\/cloud-vps-servers-manila-philippines\/\"><img loading=\"lazy\" decoding=\"async\" class=\"wp-image-1928 alignleft\" src=\"https:\/\/wdmsh.com\/wp-content\/uploads\/2022\/08\/Philippines-300x176.jpg\" alt=\"\" width=\"75\" height=\"44\" srcset=\"https:\/\/www.wdmsh.com\/wp-content\/uploads\/2022\/08\/Philippines-300x176.jpg 300w, https:\/\/www.wdmsh.com\/wp-content\/uploads\/2022\/08\/Philippines-18x12.jpg 18w, https:\/\/www.wdmsh.com\/wp-content\/uploads\/2022\/08\/Philippines-275x161.jpg 275w, https:\/\/www.wdmsh.com\/wp-content\/uploads\/2022\/08\/Philippines.jpg 338w\" sizes=\"(max-width: 75px) 100vw, 75px\" \/><em>Manilla Filipijnen<\/em><\/a><\/h3>\n<p>&nbsp;<\/p>","protected":false},"excerpt":{"rendered":"<p>Isra\u00ebl Tel Aviv Ho Chi Minh Vietnam Jeddah Saoedi-Arabi\u00eb Kuala Lumpur Maleisi\u00eb Kazachstan Almaty Manilla Filipijnen &nbsp;<\/p>","protected":false},"author":7,"featured_media":0,"parent":0,"menu_order":0,"comment_status":"closed","ping_status":"closed","template":"","meta":{"footnotes":""},"continent":[],"country":[],"city":[],"continent_dedi":[],"class_list":["post-1954","page","type-page","status-publish","hentry"],"aioseo_notices":[],"_links":{"self":[{"href":"https:\/\/www.wdmsh.com\/nl\/wp-json\/wp\/v2\/pages\/1954","targetHints":{"allow":["GET"]}}],"collection":[{"href":"https:\/\/www.wdmsh.com\/nl\/wp-json\/wp\/v2\/pages"}],"about":[{"href":"https:\/\/www.wdmsh.com\/nl\/wp-json\/wp\/v2\/types\/page"}],"author":[{"embeddable":true,"href":"https:\/\/www.wdmsh.com\/nl\/wp-json\/wp\/v2\/users\/7"}],"replies":[{"embeddable":true,"href":"https:\/\/www.wdmsh.com\/nl\/wp-json\/wp\/v2\/comments?post=1954"}],"version-history":[{"count":1,"href":"https:\/\/www.wdmsh.com\/nl\/wp-json\/wp\/v2\/pages\/1954\/revisions"}],"predecessor-version":[{"id":9713,"href":"https:\/\/www.wdmsh.com\/nl\/wp-json\/wp\/v2\/pages\/1954\/revisions\/9713"}],"wp:attachment":[{"href":"https:\/\/www.wdmsh.com\/nl\/wp-json\/wp\/v2\/media?parent=1954"}],"wp:term":[{"taxonomy":"continent","embeddable":true,"href":"https:\/\/www.wdmsh.com\/nl\/wp-json\/wp\/v2\/continent?post=1954"},{"taxonomy":"country","embeddable":true,"href":"https:\/\/www.wdmsh.com\/nl\/wp-json\/wp\/v2\/country?post=1954"},{"taxonomy":"city","embeddable":true,"href":"https:\/\/www.wdmsh.com\/nl\/wp-json\/wp\/v2\/city?post=1954"},{"taxonomy":"continent_dedi","embeddable":true,"href":"https:\/\/www.wdmsh.com\/nl\/wp-json\/wp\/v2\/continent_dedi?post=1954"}],"curies":[{"name":"wp","href":"https:\/\/api.w.org\/{rel}","templated":true}]}}