{"id":5397,"date":"2024-07-22T18:05:24","date_gmt":"2024-07-22T16:05:24","guid":{"rendered":"https:\/\/wdmsh.com\/?page_id=5397"},"modified":"2024-11-21T15:03:31","modified_gmt":"2024-11-21T14:03:31","slug":"dedizierte-server-lagos-nigeria","status":"publish","type":"page","link":"https:\/\/www.wdmsh.com\/de\/dedicated-servers-lagos-nigeria\/","title":{"rendered":"Dedizierte Server Lagos Nigeria"},"content":{"rendered":"<div data-elementor-type=\"wp-page\" data-elementor-id=\"5397\" class=\"elementor elementor-5397\">\n\t\t\t\t<div class=\"elementor-element elementor-element-5433e59 e-flex e-con-boxed e-con e-parent\" data-id=\"5433e59\" data-element_type=\"container\" data-e-type=\"container\" data-settings=\"{&quot;background_background&quot;:&quot;classic&quot;}\">\n\t\t\t\t\t<div class=\"e-con-inner\">\n\t\t<div class=\"elementor-element elementor-element-fdad41e e-con-full e-flex e-con e-child\" data-id=\"fdad41e\" data-element_type=\"container\" data-e-type=\"container\">\n\t\t\t\t<div class=\"elementor-element elementor-element-8cc3224 elementor-widget elementor-widget-heading\" data-id=\"8cc3224\" data-element_type=\"widget\" data-e-type=\"widget\" data-widget_type=\"heading.default\">\n\t\t\t\t<div class=\"elementor-widget-container\">\n\t\t\t\t\t<h1 class=\"elementor-heading-title elementor-size-default\">Dedizierte Server S\u00fcdafrika\n<\/h1>\t\t\t\t<\/div>\n\t\t\t\t<\/div>\n\t\t\t\t<\/div>\n\t\t\t\t\t<\/div>\n\t\t\t\t<\/div>\n\t\t\t\t<section class=\"elementor-section elementor-top-section elementor-element elementor-element-1ffc1bd elementor-section-boxed elementor-section-height-default elementor-section-height-default\" data-id=\"1ffc1bd\" data-element_type=\"section\" data-e-type=\"section\">\n\t\t\t\t\t\t<div class=\"elementor-container elementor-column-gap-default\">\n\t\t\t\t\t<div class=\"elementor-column elementor-col-100 elementor-top-column elementor-element elementor-element-454acb4\" data-id=\"454acb4\" data-element_type=\"column\" data-e-type=\"column\">\n\t\t\t<div class=\"elementor-widget-wrap elementor-element-populated\">\n\t\t\t\t\t\t<section class=\"elementor-section elementor-inner-section elementor-element elementor-element-6623e6c elementor-section-boxed elementor-section-height-default elementor-section-height-default\" data-id=\"6623e6c\" data-element_type=\"section\" data-e-type=\"section\">\n\t\t\t\t\t\t<div class=\"elementor-container elementor-column-gap-default\">\n\t\t\t\t\t<div class=\"elementor-column elementor-col-100 elementor-inner-column elementor-element elementor-element-868a830\" data-id=\"868a830\" data-element_type=\"column\" data-e-type=\"column\">\n\t\t\t<div class=\"elementor-widget-wrap elementor-element-populated\">\n\t\t\t\t\t\t<div class=\"elementor-element elementor-element-f363861 elementor-position-left elementor-vertical-align-middle elementor-widget elementor-widget-image-box\" data-id=\"f363861\" data-element_type=\"widget\" data-e-type=\"widget\" data-widget_type=\"image-box.default\">\n\t\t\t\t<div class=\"elementor-widget-container\">\n\t\t\t\t\t<div class=\"elementor-image-box-wrapper\"><figure class=\"elementor-image-box-img\"><img decoding=\"async\" width=\"225\" height=\"179\" src=\"https:\/\/www.wdmsh.com\/wp-content\/uploads\/2024\/07\/Your-paragraph-text-60.png\" class=\"attachment-full size-full wp-image-5169\" alt=\"\" srcset=\"https:\/\/www.wdmsh.com\/wp-content\/uploads\/2024\/07\/Your-paragraph-text-60.png 225w, https:\/\/www.wdmsh.com\/wp-content\/uploads\/2024\/07\/Your-paragraph-text-60-54x44.png 54w\" sizes=\"(max-width: 225px) 100vw, 225px\" \/><\/figure><div class=\"elementor-image-box-content\"><h3 class=\"elementor-image-box-title\">Dedizierte Server Lagos Nigeria<\/h3><\/div><\/div>\t\t\t\t<\/div>\n\t\t\t\t<\/div>\n\t\t\t\t\t<\/div>\n\t\t<\/div>\n\t\t\t\t\t<\/div>\n\t\t<\/section>\n\t\t\t\t\t<\/div>\n\t\t<\/div>\n\t\t\t\t\t<\/div>\n\t\t<\/section>\n\t\t\t\t<section class=\"elementor-section elementor-top-section elementor-element elementor-element-4105976 elementor-section-boxed elementor-section-height-default elementor-section-height-default\" data-id=\"4105976\" data-element_type=\"section\" data-e-type=\"section\">\n\t\t\t\t\t\t<div class=\"elementor-container elementor-column-gap-default\">\n\t\t\t\t\t<div class=\"elementor-column elementor-col-100 elementor-top-column elementor-element elementor-element-a19270d\" data-id=\"a19270d\" data-element_type=\"column\" data-e-type=\"column\">\n\t\t\t<div class=\"elementor-widget-wrap elementor-element-populated\">\n\t\t\t\t\t\t<section class=\"elementor-section elementor-inner-section elementor-element elementor-element-d1eae26 elementor-section-boxed elementor-section-height-default elementor-section-height-default elementor-invisible\" data-id=\"d1eae26\" data-element_type=\"section\" data-e-type=\"section\" data-settings=\"{&quot;animation&quot;:&quot;fadeIn&quot;}\">\n\t\t\t\t\t\t<div class=\"elementor-container elementor-column-gap-default\">\n\t\t\t\t\t<div class=\"elementor-column elementor-col-100 elementor-inner-column elementor-element elementor-element-3f03c09\" data-id=\"3f03c09\" data-element_type=\"column\" data-e-type=\"column\" data-settings=\"{&quot;background_background&quot;:&quot;classic&quot;}\">\n\t\t\t<div class=\"elementor-widget-wrap elementor-element-populated\">\n\t\t\t\t\t\t<div class=\"elementor-element elementor-element-8e17f9b elementor-widget elementor-widget-shortcode\" data-id=\"8e17f9b\" data-element_type=\"widget\" data-e-type=\"widget\" data-widget_type=\"shortcode.default\">\n\t\t\t\t<div class=\"elementor-widget-container\">\n\t\t\t\t\t\t\t<div class=\"elementor-shortcode\">\n\n\n<style>\n\t#whmp_table_52735 {\n\n\t}\n\t#whmp_table_52735:before {\n\tborder-color: #ffffff transparent transparent transparent;\n\t}\n\t.whmpress.whmpress_pricing_table.pic-03 .pricing_table_combo .whmpress_order_button,\n\t.whmpress.whmpress_pricing_table.pic-03 .pricing_table_combo a,\n\t.whmpress.whmpress_pricing_table.pic-03 .pricing_table_combo button,\n\t.whmpress.whmpress_pricing_table.pic-03 .pricing_table_submit .whmpress_order_button,\n\t.whmpress.whmpress_pricing_table.pic-03 .pricing_table_submit a,\n\t.whmpress.whmpress_pricing_table.pic-03 .pricing_table_submit button {\n\t\tbackground: #000000;\n\t}\n\t.whmpress.whmpress_pricing_table.pic-03 .pricing_table_combo .whmpress_order_button:hover,\n\t.whmpress.whmpress_pricing_table.pic-03 .pricing_table_combo a:hover,\n\t.whmpress.whmpress_pricing_table.pic-03 .pricing_table_combo button:hover,\n\t.whmpress.whmpress_pricing_table.pic-03 .pricing_table_submit .whmpress_order_button:hover,\n\t.whmpress.whmpress_pricing_table.pic-03 .pricing_table_submit a:hover,\n\t.whmpress.whmpress_pricing_table.pic-03} .pricing_table_submit button {\n\n\t}\n\n\t.whmpress.whmpress_pricing_table.pic-03 {\n\t\tborder: 1px solid #00aeef;\n    padding: 100px 25px 27px 27px;\n    position: relative;\n    box-shadow: none;\n    border-radius: 16px;\n    max-width: 360px;\n    background: url(https:\/\/www.wdmsh.com\/dev2311\/wp-content\/uploads\/2024\/11\/on-2.png) 23px 25px no-repeat;\n    border-top: 5px solid #00aeef;\n    margin-bottom: 25px;\n   \n\t}\n\t\n\n\t.whmpress.whmpress_pricing_table.pic-03.featured .pricing_table_heading .holder span.bestchoiswizrd{\n\t\tposition: absolute;\n\t\ttop: 14px;\n\t\tright: 4px;\n\t\tz-index: 5;\n\t\tfont-size: 12px;\n\t\tfont-family: 'Ubuntu', sans-serif;\n\t\tfont-weight: 100;\n\t\tbackground: #8BC34A;\n\t\tcolor: #fff;\n\t\tpadding: 2px 14px;\n\t\tborder-radius: 29px;\n\t\tdisplay:block;\n\t}\n\t.whmpress.whmpress_pricing_table.pic-03 .pricing_table_heading .holder span.bestchoiswizrd{\n\t\tdisplay:none;\n\t}\n\n\t.whmpress.whmpress_pricing_table.pic-03 .pricing_table_price .holder{\n\tdisplay: flex;\n\t}\n\n\t.whmpress.whmpress_pricing_table.pic-03 .pricing_table_features .holder ul li{\n\t\tborder:none;\n\t}\n\n\t.whmpress.whmpress_pricing_table.pic-03 .pricing_table_features .holder {\n\t\tposition: relative;\n\t}\n\t.whmpress.whmpress_pricing_table.pic-03 .pricing_table_features .holder  i.fa.fa-caret-up{\n\t\tdisplay: none;\n\n\t}\n\n\n\n\t.whmpress.whmpress_pricing_table.pic-03 .pricing_table_features ul {\n\t\tborder: none;\n\t}\n\n\n\t.whmpress.whmpress_pricing_table.pic-03 .website_provider_bottom_section .pricing_table_submit button.whmpress.whmpress_order_button {\n\t\tmargin: 20px auto;\n\t\tpadding: 10px 0;\n\t\tdisplay: block;\n\t\ttext-align: center;\n        background: #32A8E4;\n        color: #fff ;\n        font-weight: 400;\n\t\tfont-size: 18px;\n\t\tmargin-left: 0;\n\t\tborder-radius: 10px;\n        margin-bottom: 0;\n\t}\n\n    .whmpress.whmpress_pricing_table.pic-03 .website_provider_bottom_section .pricing_table_submit button.whmpress.whmpress_order_button:hover {\n        background: transparent;\n        color: #32A8E4;\n        font-weight: 400;\n        border: 2px solid #32A8E4;\n        padding: 8px 0;\n\n    }\n\n\ndiv#Whmpress_price_table_home_min .whmpress.whmpress_pricing_table.pic-03 {\n    min-height: 755px;\n}\n\n\t.whmpress.whmpress_pricing_table.pic-03 .website_provider_bottom_section .pricing_table_features ul {\n\t\tpadding: 15px 20px 0 0;\n\t\tmargin-top: 10px;\n\t\ttext-align: left;\n\t}\n\n\t.whmpress.whmpress_pricing_table.pic-03 .website_provider_bottom_section .pricing_table_heading h2 {\n\t\tcolor: #000;\n\t\ttext-transform: capitalize;\n\t\tfont-size: 16px;\n\t\tfont-weight: 500;\n\t\ttext-align: left;\n\t\tpadding-bottom: 19px;\n\t}\n\t.whmpress.whmpress_pricing_table.pic-03 .website_provider_bottom_section .pricing_table_price span.currency {\n\t\tfont-size: 25px;\n\t\tcolor: #000;\n\t\tfont-weight: 400;\n\t}\n\n\t.whmpress.whmpress_pricing_table.pic-03\t.pricing_table_features ul li strong.whmpress_description_value {\n\t\tfont-weight: 400;\n\t}\n\n\t.whmpress.whmpress_pricing_table.pic-03 .pricing_table_price {\n\t\ttext-align: left;\n\t}\n\t\n\n\t.whmpress.whmpress_pricing_table.pic-03 .website_provider_bottom_section .pricing_table_price span.amount {\n\t\tfont-size: 48px;\n\t\tcolor: #000;\n\t\tfont-weight: 700;\n\t}\n\n\t.whmpress.whmpress_pricing_table.pic-03 .website_provider_bottom_section .pricing_table_price span.duration {\n\t\tfont-size: 16px;\n\t\tcolor: #000;\n\t\tpadding-top: 10px;\n\t\tfont-weight: 700;\n\t}\n\n\t.whmpress.whmpress_pricing_table.pic-03 .website_provider_bottom_section .pricing_table_features .holder ul li i {\n\t\tcolor: #32A8E4;\n\t\tfont-size: 18px;\n\t\tpadding: 3px 4px;\n\t\tborder-radius: 30px;\n\t\tmargin-right: 2px;\n\t}\n    .provide_website_img {\n        text-align: left;\n    }\n<\/style>\n\n\n\n<div class=\"whmpress whmpress_pricing_table pic-03\" id=\"whmp_table_52735\">\n\n\t<div class=\"website_provider_bottom_section\">\n\n\t\t<div class=\"pricing_table_heading\">\n\t\t\t<div class=\"holder\">\n\t\t\t\t<span class=\"bestchoiswizrd\"><\/span>\n\t\t\t\t<h2><i class=\"fa\"><\/i> Intel Xeon E-2146G 3.50GHz 6C\/12T, Ram 16 GB, 240 GB SSD, Port 2x 10 Gbps, Traffic 1TB<\/h2>\n\t\t\t<\/div>\n\t\t<\/div>\n\t<div class=\"pricing_table_price\">\n\t\t<div class=\"holder\">\n\t\t\t<span class=\"currency\">\u20ac<\/span><span class=\"amount\">270<\/span><span class=\"duration\"> \/Month<\/span>\n\n\t\t\t<!-- price sub text -->\n\t\t\t\t\t\t<!-- \/price sub text -->\n\n\t\t<\/div>\n\t<\/div>\n\t\t<div class=\"pricing_table_submit\">\n\t\t\t<div class=\"holder\">\n\t\t\t\t<button type='button' id='' class=\"whmpress whmpress_order_button\" onclick=\"javascript:window.open('https:\/\/pay4fee.net\/bill\/cart.php?extra=0&pid=1333&a=add&currency=1&billingcycle=monthly&systpl=wdmsh810&source=wdmsh.com','_self')\">Koop Nu<\/button>\n\t\t\t<\/div>\n\t\t<\/div>\n\n\t\t\t<div class=\"pricing_table_features\">\n\t\t<div class=\"holder\">\n\t\t\t<i class=\"fa fa-caret-up\" aria-hidden=\"true\"><\/i>\n\t\t\t<ul>\n\t\t\t\t\t\t\t\t<li class=\"\">\n                    <span class=\"whmpress_description_title\">\n                        \t\t\t\t\t\t                            <i class=\"fa fa-check\" aria-hidden=\"true\"><\/i>\n                        \t\t\t\t\t\t\t\t\t\t\t\t\tCPU\n\t\t\t\t\t\t                                            <\/span>\n\t\t\t\t\t<strong class=\"whmpress_description_value\">Intel Xeon E-2146G 3.50GHz 6C\/12T<\/strong>\n\t\t\t\t<\/li>\n\t\t\t\t\t\t\t\t<li class=\"\">\n                    <span class=\"whmpress_description_title\">\n                        \t\t\t\t\t\t                            <i class=\"fa fa-check\" aria-hidden=\"true\"><\/i>\n                        \t\t\t\t\t\t\t\t\t\t\t\t\tRAM\n\t\t\t\t\t\t                                            <\/span>\n\t\t\t\t\t<strong class=\"whmpress_description_value\">16 GB<\/strong>\n\t\t\t\t<\/li>\n\t\t\t\t\t\t\t\t<li class=\"\">\n                    <span class=\"whmpress_description_title\">\n                        \t\t\t\t\t\t                            <i class=\"fa fa-check\" aria-hidden=\"true\"><\/i>\n                        \t\t\t\t\t\t\t\t\t\t\t\t\tFestplatte\n\t\t\t\t\t\t                                            <\/span>\n\t\t\t\t\t<strong class=\"whmpress_description_value\">240 GB SSD<\/strong>\n\t\t\t\t<\/li>\n\t\t\t\t\t\t\t\t<li class=\"\">\n                    <span class=\"whmpress_description_title\">\n                        \t\t\t\t\t\t                            <i class=\"fa fa-check\" aria-hidden=\"true\"><\/i>\n                        \t\t\t\t\t\t\t\t\t\t\t\t\tNetzwerk\n\t\t\t\t\t\t                                            <\/span>\n\t\t\t\t\t<strong class=\"whmpress_description_value\">2x 10 Gbit\/s, 1 TB Verkehr<\/strong>\n\t\t\t\t<\/li>\n\t\t\t\t\t\t\t\t<li class=\"\">\n                    <span class=\"whmpress_description_title\">\n                        \t\t\t\t\t\t                            <i class=\"fa fa-check\" aria-hidden=\"true\"><\/i>\n                        \t\t\t\t\t\t\t\t\t\t\t\t\tIP\n\t\t\t\t\t\t                                            <\/span>\n\t\t\t\t\t<strong class=\"whmpress_description_value\">1 x IPv4<\/strong>\n\t\t\t\t<\/li>\n\t\t\t\t\t\t\t<\/ul>\n\t\t<\/div>\n\t<\/div>\n\t<\/div>\n\t\t<div class=\"pricing_table_combo\">\n\t\t<div class=\"holder\">\n\t\t\t\n\t\t<\/div>\n\t<\/div>\n\n\n\n<\/div>  <!-- \/.price-table --><\/div>\n\t\t\t\t\t\t<\/div>\n\t\t\t\t<\/div>\n\t\t\t\t\t<\/div>\n\t\t<\/div>\n\t\t\t\t\t<\/div>\n\t\t<\/section>\n\t\t\t\t\t<\/div>\n\t\t<\/div>\n\t\t\t\t\t<\/div>\n\t\t<\/section>\n\t\t<div class=\"elementor-element elementor-element-5f55f08 e-flex e-con-boxed e-con e-parent\" data-id=\"5f55f08\" data-element_type=\"container\" data-e-type=\"container\">\n\t\t\t\t\t<div class=\"e-con-inner\">\n\t\t\t\t<div class=\"elementor-element elementor-element-3c03b3e elementor-widget elementor-widget-heading\" data-id=\"3c03b3e\" data-element_type=\"widget\" data-e-type=\"widget\" data-widget_type=\"heading.default\">\n\t\t\t\t<div class=\"elementor-widget-container\">\n\t\t\t\t\t<h2 class=\"elementor-heading-title elementor-size-default\">Dedizierte Server Lagos Nigeria\n<\/h2>\t\t\t\t<\/div>\n\t\t\t\t<\/div>\n\t\t<div class=\"elementor-element elementor-element-a194cd8 e-con-full e-flex e-con e-child\" data-id=\"a194cd8\" data-element_type=\"container\" data-e-type=\"container\">\n\t\t\t\t<div class=\"elementor-element elementor-element-3012d75 elementor-widget elementor-widget-text-editor\" data-id=\"3012d75\" data-element_type=\"widget\" data-e-type=\"widget\" data-widget_type=\"text-editor.default\">\n\t\t\t\t<div class=\"elementor-widget-container\">\n\t\t\t\t\t\t\t\t\t<div class=\"dedicated-servers-lagos-nigeria\">\n  <h2 style=\"font-weight: 700;\">Dedizierte Server in Lagos, Nigeria<\/h2>\n  <p>Sind Sie bereit, Ihre Website auf die n\u00e4chste Stufe zu heben? Die Entscheidung f\u00fcr einen unserer dedizierten Server in Lagos, Nigeria, ist der logische Schritt, um die Leistung und Zuverl\u00e4ssigkeit Ihrer Website zu steigern. Viele Unternehmen beginnen aus Gr\u00fcnden der Kosteneffizienz mit gemeinsam genutzten Webservern, was in der Anfangsphase, wenn die Budgets knapp sind, ideal ist. Bei gemeinsam genutzten Servern werden Ihre Ressourcen jedoch auf mehrere Nutzer aufgeteilt, was das Potenzial Ihrer Website einschr\u00e4nkt. Wenn Ihr Unternehmen w\u00e4chst, ist es wichtig, dedizierte Server in Lagos, Nigeria, in Betracht zu ziehen, um die volle Leistung und die Vorteile eines Servers f\u00fcr Ihr Unternehmen nutzen zu k\u00f6nnen.<\/p>\n\n  <h3 style=\"font-weight: 700;\">Ist ein Dedicated Server das Richtige f\u00fcr Sie?<\/h3>\n  <p>Die Nutzung von dedizierten Servern in Lagos, Nigeria, bietet zahlreiche Vorteile. Erstens haben Sie die volle Kontrolle und exklusive Nutzung des gesamten Servers, wodurch die Leistung Ihrer Website optimiert wird. Zweitens k\u00f6nnen Sie den Server genau an Ihre Anforderungen anpassen und konfigurieren, was eine Flexibilit\u00e4t bietet, die gemeinsam genutzte Server nicht bieten k\u00f6nnen. Schlie\u00dflich bieten dedizierte Server eine \u00fcberragende Geschwindigkeit und Effizienz, da sie nicht von verschiedenen Unternehmen gemeinsam genutzt werden, wodurch sichergestellt wird, dass Ihre Website nahtlos funktioniert und m\u00fchelos h\u00f6here Verkehrslasten bew\u00e4ltigt.<\/p>\n\n  <h3 style=\"font-weight: 700;\">Anzeichen, dass Sie einen Dedicated Server ben\u00f6tigen<\/h3>\n  <p>Es gibt mehrere Anzeichen daf\u00fcr, dass es an der Zeit ist, auf einen dedizierten Server in Lagos, Nigeria, umzusteigen. Ein wichtiges Anzeichen ist ein schnelles Gesch\u00e4ftswachstum, bei dem Ihr aktueller Server Schwierigkeiten hat, mit dem erh\u00f6hten Datenverkehr Schritt zu halten. Sie m\u00f6chten Ihr Wachstum nicht durch eine langsame oder unzuverl\u00e4ssige Leistung einschr\u00e4nken. Ein weiterer kritischer Faktor ist die Sicherheit. Dedizierte Server bieten die vollst\u00e4ndige Kontrolle \u00fcber die Sicherheitsma\u00dfnahmen Ihrer Website und erm\u00f6glichen es Ihnen, einen robusten und individuellen Schutz zu implementieren, der Ihren spezifischen Anforderungen entspricht, im Gegensatz zu den grundlegenden Sicherheitsfunktionen eines Shared Hosting.<\/p>\n\n  <h3 style=\"font-weight: 700;\">Hochgeschwindigkeitsserver ohne hohe Kosten<\/h3>\n  <p>Mit dedizierten Servern in Lagos, Nigeria, genie\u00dfen Sie die Vorteile eines privaten Servers, ohne die Last des Kaufs und der Wartung von Hardware. Durch das Leasing eines Servers sparen Sie B\u00fcrofl\u00e4che und vermeiden den Stress der Ger\u00e4tewartung, so dass Sie sich ganz auf Ihren Gesch\u00e4ftsbetrieb konzentrieren k\u00f6nnen. Wir bieten verschiedene dedizierte Serverpl\u00e4ne mit unterschiedlichen Speicherkapazit\u00e4ten und Preisoptionen an, damit Sie die perfekte L\u00f6sung f\u00fcr Ihre Bed\u00fcrfnisse und Ihr Budget finden.<\/p>\n<\/div>\n\t\t\t\t\t\t\t\t<\/div>\n\t\t\t\t<\/div>\n\t\t\t\t<\/div>\n\t\t\t\t\t<\/div>\n\t\t\t\t<\/div>\n\t\t\t\t<\/div>","protected":false},"excerpt":{"rendered":"<p>Dedicated Servers South Africa Dedicated Servers Lagos Nigeria Dedicated Servers Lagos Nigeria Dedicated Servers in Lagos, Nigeria Are you ready to elevate your website to the next level? Choosing one of our dedicated servers in Lagos, Nigeria, is the logical step to boost your website\u2019s performance and reliability. Many businesses start with shared web servers [&hellip;]<\/p>\n","protected":false},"author":13,"featured_media":0,"parent":0,"menu_order":0,"comment_status":"closed","ping_status":"closed","template":"elementor_header_footer","meta":{"footnotes":""},"continent":[],"country":[102],"city":[103],"continent_dedi":[65],"class_list":["post-5397","page","type-page","status-publish","hentry","continent_dedi-africa"],"aioseo_notices":[],"_links":{"self":[{"href":"https:\/\/www.wdmsh.com\/de\/wp-json\/wp\/v2\/pages\/5397","targetHints":{"allow":["GET"]}}],"collection":[{"href":"https:\/\/www.wdmsh.com\/de\/wp-json\/wp\/v2\/pages"}],"about":[{"href":"https:\/\/www.wdmsh.com\/de\/wp-json\/wp\/v2\/types\/page"}],"author":[{"embeddable":true,"href":"https:\/\/www.wdmsh.com\/de\/wp-json\/wp\/v2\/users\/13"}],"replies":[{"embeddable":true,"href":"https:\/\/www.wdmsh.com\/de\/wp-json\/wp\/v2\/comments?post=5397"}],"version-history":[{"count":20,"href":"https:\/\/www.wdmsh.com\/de\/wp-json\/wp\/v2\/pages\/5397\/revisions"}],"predecessor-version":[{"id":9825,"href":"https:\/\/www.wdmsh.com\/de\/wp-json\/wp\/v2\/pages\/5397\/revisions\/9825"}],"wp:attachment":[{"href":"https:\/\/www.wdmsh.com\/de\/wp-json\/wp\/v2\/media?parent=5397"}],"wp:term":[{"taxonomy":"continent","embeddable":true,"href":"https:\/\/www.wdmsh.com\/de\/wp-json\/wp\/v2\/continent?post=5397"},{"taxonomy":"country","embeddable":true,"href":"https:\/\/www.wdmsh.com\/de\/wp-json\/wp\/v2\/country?post=5397"},{"taxonomy":"city","embeddable":true,"href":"https:\/\/www.wdmsh.com\/de\/wp-json\/wp\/v2\/city?post=5397"},{"taxonomy":"continent_dedi","embeddable":true,"href":"https:\/\/www.wdmsh.com\/de\/wp-json\/wp\/v2\/continent_dedi?post=5397"}],"curies":[{"name":"wp","href":"https:\/\/api.w.org\/{rel}","templated":true}]}}